{"id":87,"date":"2019-10-17T17:08:04","date_gmt":"2019-10-17T15:08:04","guid":{"rendered":"http:\/\/naturailes-sante.com\/?page_id=87"},"modified":"2025-01-09T17:58:27","modified_gmt":"2025-01-09T16:58:27","slug":"consultation-en-naturopathie","status":"publish","type":"page","link":"https:\/\/naturailes-sante.com\/index.php\/prestations\/consultation-en-naturopathie\/","title":{"rendered":"Mes consultations"},"content":{"rendered":"\t\t<div <br \/>\n<b>Warning<\/b>:  Increment on type bool has no effect, this will change in the next major version of PHP in <b>\/home\/naturailbg\/www\/wp-content\/plugins\/elementor\/includes\/base\/controls-stack.php<\/b> on line <b>741<\/b><br \/>\ndata-elementor-type=\"wp-page\" data-elementor-id=\"87\" class=\"elementor elementor-87\">\n\t\t\t\t\t\t<section class=\"elementor-section elementor-top-section elementor-element elementor-element-e6c8519 elementor-section-boxed elementor-section-height-default elementor-section-height-default\" data-id=\"e6c8519\" data-element_type=\"section\" data-e-type=\"section\">\n\t\t\t\t\t\t<div class=\"elementor-container elementor-column-gap-default\">\n\t\t\t\t\t<div class=\"elementor-column elementor-col-100 elementor-top-column elementor-element elementor-element-e7b2f9c\" data-id=\"e7b2f9c\" data-element_type=\"column\" data-e-type=\"column\">\n\t\t\t<div class=\"elementor-widget-wrap\">\n\t\t\t\t\t\t\t<\/div>\n\t\t<\/div>\n\t\t\t\t\t<\/div>\n\t\t<\/section>\n\t\t\t\t<section class=\"elementor-section elementor-top-section elementor-element elementor-element-157af71 elementor-section-boxed elementor-section-height-default elementor-section-height-default\" data-id=\"157af71\" data-element_type=\"section\" data-e-type=\"section\">\n\t\t\t\t\t\t<div class=\"elementor-container elementor-column-gap-default\">\n\t\t\t\t\t<div class=\"elementor-column elementor-col-100 elementor-top-column elementor-element elementor-element-f5b6d29\" data-id=\"f5b6d29\" data-element_type=\"column\" data-e-type=\"column\">\n\t\t\t<div class=\"elementor-widget-wrap elementor-element-populated\">\n\t\t\t\t\t\t<div class=\"elementor-element elementor-element-3f0665b elementor-invisible elementor-widget elementor-widget-image\" data-id=\"3f0665b\" data-element_type=\"widget\" data-e-type=\"widget\" data-settings=\"{&quot;_animation&quot;:&quot;pulse&quot;}\" data-widget_type=\"image.default\">\n\t\t\t\t<div class=\"elementor-widget-container\">\n\t\t\t\t\t\t\t\t\t\t\t\t\t\t\t<img fetchpriority=\"high\" decoding=\"async\" width=\"500\" height=\"500\" src=\"https:\/\/naturailes-sante.com\/wp-content\/uploads\/2022\/07\/CONSULTATION-2.png\" class=\"attachment-large size-large wp-image-834\" alt=\"\" srcset=\"https:\/\/naturailes-sante.com\/wp-content\/uploads\/2022\/07\/CONSULTATION-2.png 500w, https:\/\/naturailes-sante.com\/wp-content\/uploads\/2022\/07\/CONSULTATION-2-300x300.png 300w, https:\/\/naturailes-sante.com\/wp-content\/uploads\/2022\/07\/CONSULTATION-2-150x150.png 150w, https:\/\/naturailes-sante.com\/wp-content\/uploads\/2022\/07\/CONSULTATION-2-100x100.png 100w\" sizes=\"(max-width: 500px) 100vw, 500px\" \/>\t\t\t\t\t\t\t\t\t\t\t\t\t\t\t<\/div>\n\t\t\t\t<\/div>\n\t\t\t\t\t<\/div>\n\t\t<\/div>\n\t\t\t\t\t<\/div>\n\t\t<\/section>\n\t\t\t\t<section class=\"elementor-section elementor-top-section elementor-element elementor-element-8f01b07 elementor-section-boxed elementor-section-height-default elementor-section-height-default\" data-id=\"8f01b07\" data-element_type=\"section\" data-e-type=\"section\">\n\t\t\t\t\t\t<div class=\"elementor-container elementor-column-gap-default\">\n\t\t\t\t\t<div class=\"elementor-column elementor-col-100 elementor-top-column elementor-element elementor-element-bf3fcaf\" data-id=\"bf3fcaf\" data-element_type=\"column\" data-e-type=\"column\">\n\t\t\t<div class=\"elementor-widget-wrap elementor-element-populated\">\n\t\t\t\t\t\t<div class=\"elementor-element elementor-element-fe74988 elementor-widget elementor-widget-text-editor\" data-id=\"fe74988\" data-element_type=\"widget\" data-e-type=\"widget\" data-widget_type=\"text-editor.default\">\n\t\t\t\t<div class=\"elementor-widget-container\">\n\t\t\t\t\t\t\t\t\t<h2 style=\"text-align: center;\"><strong><span style=\"color: #24d5b4;\">En visio ou \u00e0 domicile<\/span><\/strong><\/h2>\t\t\t\t\t\t\t\t<\/div>\n\t\t\t\t<\/div>\n\t\t\t\t<div class=\"elementor-element elementor-element-07f2cc9 elementor-widget elementor-widget-text-editor\" data-id=\"07f2cc9\" data-element_type=\"widget\" data-e-type=\"widget\" data-widget_type=\"text-editor.default\">\n\t\t\t\t<div class=\"elementor-widget-container\">\n\t\t\t\t\t\t\t\t\t<h3 style=\"text-align: center;\"><strong>1 consultation = vous apporter les outils adapt\u00e9s \u00e0 votre besoin<\/strong><\/h3>\t\t\t\t\t\t\t\t<\/div>\n\t\t\t\t<\/div>\n\t\t\t\t\t<\/div>\n\t\t<\/div>\n\t\t\t\t\t<\/div>\n\t\t<\/section>\n\t\t\t\t<section class=\"elementor-section elementor-top-section elementor-element elementor-element-0430c70 elementor-section-boxed elementor-section-height-default elementor-section-height-default\" data-id=\"0430c70\" data-element_type=\"section\" data-e-type=\"section\">\n\t\t\t\t\t\t<div class=\"elementor-container elementor-column-gap-default\">\n\t\t\t\t\t<div class=\"elementor-column elementor-col-50 elementor-top-column elementor-element elementor-element-2471ae8\" data-id=\"2471ae8\" data-element_type=\"column\" data-e-type=\"column\">\n\t\t\t<div class=\"elementor-widget-wrap elementor-element-populated\">\n\t\t\t\t\t\t<div class=\"elementor-element elementor-element-a3502d9 elementor-widget elementor-widget-image\" data-id=\"a3502d9\" data-element_type=\"widget\" data-e-type=\"widget\" data-widget_type=\"image.default\">\n\t\t\t\t<div class=\"elementor-widget-container\">\n\t\t\t\t\t\t\t\t\t\t\t\t\t\t\t<img decoding=\"async\" width=\"1024\" height=\"839\" src=\"https:\/\/naturailes-sante.com\/wp-content\/uploads\/2022\/07\/pexels-photo-4145190-1024x839.jpeg\" class=\"attachment-large size-large wp-image-884\" alt=\"\" srcset=\"https:\/\/naturailes-sante.com\/wp-content\/uploads\/2022\/07\/pexels-photo-4145190-1024x839.jpeg 1024w, https:\/\/naturailes-sante.com\/wp-content\/uploads\/2022\/07\/pexels-photo-4145190-300x246.jpeg 300w, https:\/\/naturailes-sante.com\/wp-content\/uploads\/2022\/07\/pexels-photo-4145190-768x629.jpeg 768w, https:\/\/naturailes-sante.com\/wp-content\/uploads\/2022\/07\/pexels-photo-4145190-600x491.jpeg 600w, https:\/\/naturailes-sante.com\/wp-content\/uploads\/2022\/07\/pexels-photo-4145190.jpeg 1298w\" sizes=\"(max-width: 1024px) 100vw, 1024px\" \/>\t\t\t\t\t\t\t\t\t\t\t\t\t\t\t<\/div>\n\t\t\t\t<\/div>\n\t\t\t\t\t<\/div>\n\t\t<\/div>\n\t\t\t\t<div class=\"elementor-column elementor-col-50 elementor-top-column elementor-element elementor-element-2caac61\" data-id=\"2caac61\" data-element_type=\"column\" data-e-type=\"column\">\n\t\t\t<div class=\"elementor-widget-wrap elementor-element-populated\">\n\t\t\t\t\t\t<div class=\"elementor-element elementor-element-4faaca0 elementor-widget elementor-widget-text-editor\" data-id=\"4faaca0\" data-element_type=\"widget\" data-e-type=\"widget\" data-widget_type=\"text-editor.default\">\n\t\t\t\t<div class=\"elementor-widget-container\">\n\t\t\t\t\t\t\t\t\t<h4 style=\"text-align: center;\"><span style=\"color: #ba871d;\"><strong>Sujet de consultation :<\/strong><\/span><\/h4><p style=\"text-align: left;\"><strong><img decoding=\"async\" class=\"emoji\" role=\"img\" draggable=\"false\" src=\"https:\/\/s.w.org\/images\/core\/emoji\/14.0.0\/svg\/1f308.svg\" alt=\"\ud83c\udf08\" \/> sant\u00e9 g\u00e9n\u00e9rale<\/strong> : insomnie, dermatose, troubles de la digestion-circulation, cycle f\u00e9minin, an\u00e9mie, libido faible, etc&#8230;<\/p><p style=\"text-align: left;\"><strong><img decoding=\"async\" class=\"emoji\" role=\"img\" draggable=\"false\" src=\"https:\/\/s.w.org\/images\/core\/emoji\/14.0.0\/svg\/1f308.svg\" alt=\"\ud83c\udf08\" \/> harmonisation<\/strong> des \u00e9motions (tristesse, col\u00e8re, peur)<\/p><p style=\"text-align: left;\"><strong><img decoding=\"async\" class=\"emoji\" role=\"img\" draggable=\"false\" src=\"https:\/\/s.w.org\/images\/core\/emoji\/14.0.0\/svg\/1f308.svg\" alt=\"\ud83c\udf08\" \/> souplesse et tonus<\/strong> du corps (respiration, mouvement, plantes)<\/p><p style=\"text-align: left;\"><strong><img decoding=\"async\" class=\"emoji\" role=\"img\" draggable=\"false\" src=\"https:\/\/s.w.org\/images\/core\/emoji\/14.0.0\/svg\/1f308.svg\" alt=\"\ud83c\udf08\" \/> d\u00e9tente<\/strong> du mental et du corps (angoisses, stress, rigidit\u00e9, d\u00e9pression,\u00a0<\/p>\t\t\t\t\t\t\t\t<\/div>\n\t\t\t\t<\/div>\n\t\t\t\t\t<\/div>\n\t\t<\/div>\n\t\t\t\t\t<\/div>\n\t\t<\/section>\n\t\t\t\t<section class=\"elementor-section elementor-top-section elementor-element elementor-element-aca0471 elementor-section-boxed elementor-section-height-default elementor-section-height-default\" data-id=\"aca0471\" data-element_type=\"section\" data-e-type=\"section\">\n\t\t\t\t\t\t<div class=\"elementor-container elementor-column-gap-default\">\n\t\t\t\t\t<div class=\"elementor-column elementor-col-50 elementor-top-column elementor-element elementor-element-3423dec\" data-id=\"3423dec\" data-element_type=\"column\" data-e-type=\"column\">\n\t\t\t<div class=\"elementor-widget-wrap elementor-element-populated\">\n\t\t\t\t\t\t<div class=\"elementor-element elementor-element-43b104e elementor-widget elementor-widget-spacer\" data-id=\"43b104e\" data-element_type=\"widget\" data-e-type=\"widget\" data-widget_type=\"spacer.default\">\n\t\t\t\t<div class=\"elementor-widget-container\">\n\t\t\t\t\t\t\t<div class=\"elementor-spacer\">\n\t\t\t<div class=\"elementor-spacer-inner\"><\/div>\n\t\t<\/div>\n\t\t\t\t\t\t<\/div>\n\t\t\t\t<\/div>\n\t\t\t\t<div class=\"elementor-element elementor-element-c0b4ad6 elementor-widget elementor-widget-text-editor\" data-id=\"c0b4ad6\" data-element_type=\"widget\" data-e-type=\"widget\" data-widget_type=\"text-editor.default\">\n\t\t\t\t<div class=\"elementor-widget-container\">\n\t\t\t\t\t\t\t\t\t<p style=\"text-align: center;\"><span style=\"color: #ba871d;\"><strong>Vous avez envie d&rsquo;\u00eatre en pleine sant\u00e9 et savourer la vie!<\/strong><\/span><\/p>\t\t\t\t\t\t\t\t<\/div>\n\t\t\t\t<\/div>\n\t\t\t\t\t<\/div>\n\t\t<\/div>\n\t\t\t\t<div class=\"elementor-column elementor-col-50 elementor-top-column elementor-element elementor-element-ddc1268\" data-id=\"ddc1268\" data-element_type=\"column\" data-e-type=\"column\">\n\t\t\t<div class=\"elementor-widget-wrap elementor-element-populated\">\n\t\t\t\t\t\t<div class=\"elementor-element elementor-element-bc29e6d elementor-widget elementor-widget-image\" data-id=\"bc29e6d\" data-element_type=\"widget\" data-e-type=\"widget\" data-widget_type=\"image.default\">\n\t\t\t\t<div class=\"elementor-widget-container\">\n\t\t\t\t\t\t\t\t\t\t\t\t\t\t\t<img decoding=\"async\" width=\"500\" height=\"750\" src=\"https:\/\/naturailes-sante.com\/wp-content\/uploads\/2022\/07\/pexels-photo-4015018.jpeg\" class=\"attachment-large size-large wp-image-898\" alt=\"\" srcset=\"https:\/\/naturailes-sante.com\/wp-content\/uploads\/2022\/07\/pexels-photo-4015018.jpeg 500w, https:\/\/naturailes-sante.com\/wp-content\/uploads\/2022\/07\/pexels-photo-4015018-200x300.jpeg 200w\" sizes=\"(max-width: 500px) 100vw, 500px\" \/>\t\t\t\t\t\t\t\t\t\t\t\t\t\t\t<\/div>\n\t\t\t\t<\/div>\n\t\t\t\t\t<\/div>\n\t\t<\/div>\n\t\t\t\t\t<\/div>\n\t\t<\/section>\n\t\t\t\t<section class=\"elementor-section elementor-top-section elementor-element elementor-element-1c37716 elementor-section-boxed elementor-section-height-default elementor-section-height-default\" data-id=\"1c37716\" data-element_type=\"section\" data-e-type=\"section\">\n\t\t\t\t\t\t<div class=\"elementor-container elementor-column-gap-default\">\n\t\t\t\t\t<div class=\"elementor-column elementor-col-50 elementor-top-column elementor-element elementor-element-21b42aa\" data-id=\"21b42aa\" data-element_type=\"column\" data-e-type=\"column\">\n\t\t\t<div class=\"elementor-widget-wrap elementor-element-populated\">\n\t\t\t\t\t\t<div class=\"elementor-element elementor-element-a223729 elementor-widget elementor-widget-image\" data-id=\"a223729\" data-element_type=\"widget\" data-e-type=\"widget\" data-widget_type=\"image.default\">\n\t\t\t\t<div class=\"elementor-widget-container\">\n\t\t\t\t\t\t\t\t\t\t\t\t\t\t\t<img loading=\"lazy\" decoding=\"async\" width=\"1024\" height=\"768\" src=\"https:\/\/naturailes-sante.com\/wp-content\/uploads\/2022\/07\/pexels-photo-3026802-1024x768.jpeg\" class=\"attachment-large size-large wp-image-896\" alt=\"\" srcset=\"https:\/\/naturailes-sante.com\/wp-content\/uploads\/2022\/07\/pexels-photo-3026802-1024x768.jpeg 1024w, https:\/\/naturailes-sante.com\/wp-content\/uploads\/2022\/07\/pexels-photo-3026802-300x225.jpeg 300w, https:\/\/naturailes-sante.com\/wp-content\/uploads\/2022\/07\/pexels-photo-3026802-768x576.jpeg 768w, https:\/\/naturailes-sante.com\/wp-content\/uploads\/2022\/07\/pexels-photo-3026802-1536x1152.jpeg 1536w, https:\/\/naturailes-sante.com\/wp-content\/uploads\/2022\/07\/pexels-photo-3026802-600x450.jpeg 600w, https:\/\/naturailes-sante.com\/wp-content\/uploads\/2022\/07\/pexels-photo-3026802.jpeg 1600w\" sizes=\"(max-width: 1024px) 100vw, 1024px\" \/>\t\t\t\t\t\t\t\t\t\t\t\t\t\t\t<\/div>\n\t\t\t\t<\/div>\n\t\t\t\t\t<\/div>\n\t\t<\/div>\n\t\t\t\t<div class=\"elementor-column elementor-col-50 elementor-top-column elementor-element elementor-element-2a1e461\" data-id=\"2a1e461\" data-element_type=\"column\" data-e-type=\"column\">\n\t\t\t<div class=\"elementor-widget-wrap elementor-element-populated\">\n\t\t\t\t\t\t<div class=\"elementor-element elementor-element-ce69231 elementor-widget elementor-widget-spacer\" data-id=\"ce69231\" data-element_type=\"widget\" data-e-type=\"widget\" data-widget_type=\"spacer.default\">\n\t\t\t\t<div class=\"elementor-widget-container\">\n\t\t\t\t\t\t\t<div class=\"elementor-spacer\">\n\t\t\t<div class=\"elementor-spacer-inner\"><\/div>\n\t\t<\/div>\n\t\t\t\t\t\t<\/div>\n\t\t\t\t<\/div>\n\t\t\t\t<div class=\"elementor-element elementor-element-98a2f50 elementor-widget elementor-widget-text-editor\" data-id=\"98a2f50\" data-element_type=\"widget\" data-e-type=\"widget\" data-widget_type=\"text-editor.default\">\n\t\t\t\t<div class=\"elementor-widget-container\">\n\t\t\t\t\t\t\t\t\t<p style=\"text-align: center;\"><span style=\"color: #ba871d;\"><strong>Vous souhaitez manger avec plaisir et trouver l&rsquo;alimentation qui vous r\u00e9ussit!<\/strong><\/span><\/p>\t\t\t\t\t\t\t\t<\/div>\n\t\t\t\t<\/div>\n\t\t\t\t\t<\/div>\n\t\t<\/div>\n\t\t\t\t\t<\/div>\n\t\t<\/section>\n\t\t\t\t<section class=\"elementor-section elementor-top-section elementor-element elementor-element-6da56c5 elementor-section-boxed elementor-section-height-default elementor-section-height-default\" data-id=\"6da56c5\" data-element_type=\"section\" data-e-type=\"section\">\n\t\t\t\t\t\t<div class=\"elementor-container elementor-column-gap-default\">\n\t\t\t\t\t<div class=\"elementor-column elementor-col-50 elementor-top-column elementor-element elementor-element-e69f46f\" data-id=\"e69f46f\" data-element_type=\"column\" data-e-type=\"column\">\n\t\t\t<div class=\"elementor-widget-wrap elementor-element-populated\">\n\t\t\t\t\t\t<div class=\"elementor-element elementor-element-8c7cf2a elementor-widget elementor-widget-spacer\" data-id=\"8c7cf2a\" data-element_type=\"widget\" data-e-type=\"widget\" data-widget_type=\"spacer.default\">\n\t\t\t\t<div class=\"elementor-widget-container\">\n\t\t\t\t\t\t\t<div class=\"elementor-spacer\">\n\t\t\t<div class=\"elementor-spacer-inner\"><\/div>\n\t\t<\/div>\n\t\t\t\t\t\t<\/div>\n\t\t\t\t<\/div>\n\t\t\t\t<div class=\"elementor-element elementor-element-5c3c56b elementor-widget elementor-widget-text-editor\" data-id=\"5c3c56b\" data-element_type=\"widget\" data-e-type=\"widget\" data-widget_type=\"text-editor.default\">\n\t\t\t\t<div class=\"elementor-widget-container\">\n\t\t\t\t\t\t\t\t\t<p style=\"text-align: center;\"><span style=\"color: #ba871d;\"><strong>Vous d\u00e9sirez vous sentir rayonnant.e, l\u00e9g\u00e8r.e, puissant.e et en paix!<\/strong><\/span><\/p>\t\t\t\t\t\t\t\t<\/div>\n\t\t\t\t<\/div>\n\t\t\t\t\t<\/div>\n\t\t<\/div>\n\t\t\t\t<div class=\"elementor-column elementor-col-50 elementor-top-column elementor-element elementor-element-afe6de4\" data-id=\"afe6de4\" data-element_type=\"column\" data-e-type=\"column\">\n\t\t\t<div class=\"elementor-widget-wrap elementor-element-populated\">\n\t\t\t\t\t\t<div class=\"elementor-element elementor-element-4018a76 elementor-widget elementor-widget-image\" data-id=\"4018a76\" data-element_type=\"widget\" data-e-type=\"widget\" data-widget_type=\"image.default\">\n\t\t\t\t<div class=\"elementor-widget-container\">\n\t\t\t\t\t\t\t\t\t\t\t\t\t\t\t<img loading=\"lazy\" decoding=\"async\" width=\"534\" height=\"750\" src=\"https:\/\/naturailes-sante.com\/wp-content\/uploads\/2022\/07\/pexels-photo-1168744.webp\" class=\"attachment-large size-large wp-image-897\" alt=\"\" srcset=\"https:\/\/naturailes-sante.com\/wp-content\/uploads\/2022\/07\/pexels-photo-1168744.webp 534w, https:\/\/naturailes-sante.com\/wp-content\/uploads\/2022\/07\/pexels-photo-1168744-214x300.webp 214w\" sizes=\"(max-width: 534px) 100vw, 534px\" \/>\t\t\t\t\t\t\t\t\t\t\t\t\t\t\t<\/div>\n\t\t\t\t<\/div>\n\t\t\t\t\t<\/div>\n\t\t<\/div>\n\t\t\t\t\t<\/div>\n\t\t<\/section>\n\t\t\t\t<section class=\"elementor-section elementor-top-section elementor-element elementor-element-27500cc elementor-section-boxed elementor-section-height-default elementor-section-height-default\" data-id=\"27500cc\" data-element_type=\"section\" data-e-type=\"section\">\n\t\t\t\t\t\t<div class=\"elementor-container elementor-column-gap-default\">\n\t\t\t\t\t<div class=\"elementor-column elementor-col-100 elementor-top-column elementor-element elementor-element-814fe0c\" data-id=\"814fe0c\" data-element_type=\"column\" data-e-type=\"column\">\n\t\t\t<div class=\"elementor-widget-wrap elementor-element-populated\">\n\t\t\t\t\t\t<div class=\"elementor-element elementor-element-406a564 elementor-align-center elementor-widget elementor-widget-button\" data-id=\"406a564\" data-element_type=\"widget\" data-e-type=\"widget\" data-widget_type=\"button.default\">\n\t\t\t\t<div class=\"elementor-widget-container\">\n\t\t\t\t\t\t\t\t\t<div class=\"elementor-button-wrapper\">\n\t\t\t\t\t<a class=\"elementor-button elementor-button-link elementor-size-xl\" href=\"\">\n\t\t\t\t\t\t<span class=\"elementor-button-content-wrapper\">\n\t\t\t\t\t\t\t\t\t<span class=\"elementor-button-text\">Consulte-moi<\/span>\n\t\t\t\t\t<\/span>\n\t\t\t\t\t<\/a>\n\t\t\t\t<\/div>\n\t\t\t\t\t\t\t\t<\/div>\n\t\t\t\t<\/div>\n\t\t\t\t<div class=\"elementor-element elementor-element-d938671 elementor-widget elementor-widget-spacer\" data-id=\"d938671\" data-element_type=\"widget\" data-e-type=\"widget\" data-widget_type=\"spacer.default\">\n\t\t\t\t<div class=\"elementor-widget-container\">\n\t\t\t\t\t\t\t<div class=\"elementor-spacer\">\n\t\t\t<div class=\"elementor-spacer-inner\"><\/div>\n\t\t<\/div>\n\t\t\t\t\t\t<\/div>\n\t\t\t\t<\/div>\n\t\t\t\t<div class=\"elementor-element elementor-element-73f31f4 elementor-widget elementor-widget-text-editor\" data-id=\"73f31f4\" data-element_type=\"widget\" data-e-type=\"widget\" data-widget_type=\"text-editor.default\">\n\t\t\t\t<div class=\"elementor-widget-container\">\n\t\t\t\t\t\t\t\t\t<h4><span style=\"color: #ba871d;\"><strong class=\"\">Consultation :<\/strong><\/span><\/h4><h4>Il s&rsquo;agit d&rsquo;un rendez-vous ponctuel de naturopathie, pouvant \u00eatre r\u00e9it\u00e9r\u00e9 selon votre demande.<\/h4><p>\u00a0<\/p><h4><span style=\"color: #ba871d;\"><strong class=\"\">Infos pratiques :<\/strong><\/span><\/h4><h4><span style=\"color: #374a43;\">Les consultations se font<strong class=\"\"> par visio <\/strong>ou aux<strong class=\"\"> alentours de BARR.<\/strong><\/span><\/h4><h4><span style=\"color: #374a43;\">Comptez <strong class=\"\">60 \u00e0 90 minutes <\/strong>de consultation selon le sujet trait\u00e9.<\/span><\/h4><h4><span style=\"color: #374a43;\">Pour prendre rendez-vous, je t&rsquo;invite \u00e0 m&rsquo;<strong class=\"\">envoyer un email \u00e0 <span style=\"color: #24d5b4;\"><a class=\"\" style=\"color: #24d5b4;\" href=\"mailto:contact@claireandreewitch.com\" target=\"_blank\" rel=\"noopener noreferrer\" data-auth=\"NotApplicable\" data-linkindex=\"0\">sarah.vitel@naturailes-sante.com<\/a><\/span><\/strong><\/span><\/h4><div>\u00a0<\/div><h4><span style=\"color: #ba871d;\"><strong>Tarif :<\/strong><\/span><\/h4><h4><span style=\"color: #374a43;\">TOUTE consultation : 100\u20ac<\/span><\/h4>\t\t\t\t\t\t\t\t<\/div>\n\t\t\t\t<\/div>\n\t\t\t\t\t<\/div>\n\t\t<\/div>\n\t\t\t\t\t<\/div>\n\t\t<\/section>\n\t\t\t\t<\/div>\n\t\t","protected":false},"excerpt":{"rendered":"<p>En visio ou \u00e0 domicile 1 consultation = vous apporter les outils adapt\u00e9s \u00e0 votre besoin Sujet de consultation : sant\u00e9 g\u00e9n\u00e9rale : insomnie, dermatose, troubles de la digestion-circulation, cycle f\u00e9minin, an\u00e9mie, libido faible, etc&#8230; harmonisation des \u00e9motions (tristesse, col\u00e8re, peur) souplesse et tonus du corps (respiration, mouvement, plantes) d\u00e9tente du mental et du corps [&hellip;]<\/p>\n","protected":false},"author":1,"featured_media":0,"parent":32,"menu_order":1,"comment_status":"closed","ping_status":"closed","template":"","meta":{"_monsterinsights_skip_tracking":false,"_monsterinsights_sitenote_active":false,"_monsterinsights_sitenote_note":"","_monsterinsights_sitenote_category":0,"site-sidebar-layout":"no-sidebar","site-content-layout":"page-builder","ast-site-content-layout":"","site-content-style":"default","site-sidebar-style":"default","ast-global-header-display":"","ast-banner-title-visibility":"","ast-main-header-display":"","ast-hfb-above-header-display":"","ast-hfb-below-header-display":"","ast-hfb-mobile-header-display":"","site-post-title":"disabled","ast-breadcrumbs-content":"","ast-featured-img":"disabled","footer-sml-layout":"","theme-transparent-header-meta":"","adv-header-id-meta":"","stick-header-meta":"","header-above-stick-meta":"","header-main-stick-meta":"","header-below-stick-meta":"","astra-migrate-meta-layouts":"default","ast-page-background-enabled":"default","ast-page-background-meta":{"desktop":{"background-color":"var(--ast-global-color-4)","background-image":"","background-repeat":"repeat","background-position":"center center","background-size":"auto","background-attachment":"scroll","background-type":"","background-media":"","overlay-type":"","overlay-color":"","overlay-opacity":"","overlay-gradient":""},"tablet":{"background-color":"","background-image":"","background-repeat":"repeat","background-position":"center center","background-size":"auto","background-attachment":"scroll","background-type":"","background-media":"","overlay-type":"","overlay-color":"","overlay-opacity":"","overlay-gradient":""},"mobile":{"background-color":"","background-image":"","background-repeat":"repeat","background-position":"center center","background-size":"auto","background-attachment":"scroll","background-type":"","background-media":"","overlay-type":"","overlay-color":"","overlay-opacity":"","overlay-gradient":""}},"ast-content-background-meta":{"desktop":{"background-color":"var(--ast-global-color-5)","background-image":"","background-repeat":"repeat","background-position":"center center","background-size":"auto","background-attachment":"scroll","background-type":"","background-media":"","overlay-type":"","overlay-color":"","overlay-opacity":"","overlay-gradient":""},"tablet":{"background-color":"var(--ast-global-color-5)","background-image":"","background-repeat":"repeat","background-position":"center center","background-size":"auto","background-attachment":"scroll","background-type":"","background-media":"","overlay-type":"","overlay-color":"","overlay-opacity":"","overlay-gradient":""},"mobile":{"background-color":"var(--ast-global-color-5)","background-image":"","background-repeat":"repeat","background-position":"center center","background-size":"auto","background-attachment":"scroll","background-type":"","background-media":"","overlay-type":"","overlay-color":"","overlay-opacity":"","overlay-gradient":""}},"footnotes":""},"class_list":["post-87","page","type-page","status-publish","hentry"],"_links":{"self":[{"href":"https:\/\/naturailes-sante.com\/index.php\/wp-json\/wp\/v2\/pages\/87","targetHints":{"allow":["GET"]}}],"collection":[{"href":"https:\/\/naturailes-sante.com\/index.php\/wp-json\/wp\/v2\/pages"}],"about":[{"href":"https:\/\/naturailes-sante.com\/index.php\/wp-json\/wp\/v2\/types\/page"}],"author":[{"embeddable":true,"href":"https:\/\/naturailes-sante.com\/index.php\/wp-json\/wp\/v2\/users\/1"}],"replies":[{"embeddable":true,"href":"https:\/\/naturailes-sante.com\/index.php\/wp-json\/wp\/v2\/comments?post=87"}],"version-history":[{"count":38,"href":"https:\/\/naturailes-sante.com\/index.php\/wp-json\/wp\/v2\/pages\/87\/revisions"}],"predecessor-version":[{"id":1057,"href":"https:\/\/naturailes-sante.com\/index.php\/wp-json\/wp\/v2\/pages\/87\/revisions\/1057"}],"up":[{"embeddable":true,"href":"https:\/\/naturailes-sante.com\/index.php\/wp-json\/wp\/v2\/pages\/32"}],"wp:attachment":[{"href":"https:\/\/naturailes-sante.com\/index.php\/wp-json\/wp\/v2\/media?parent=87"}],"curies":[{"name":"wp","href":"https:\/\/api.w.org\/{rel}","templated":true}]}}