{"id":743,"date":"2022-06-18T20:53:08","date_gmt":"2022-06-18T18:53:08","guid":{"rendered":"http:\/\/naturailes-sante.com\/?page_id=743"},"modified":"2025-01-09T17:48:45","modified_gmt":"2025-01-09T16:48:45","slug":"mes-accompagnements","status":"publish","type":"page","link":"https:\/\/naturailes-sante.com\/index.php\/prestations\/mes-accompagnements\/","title":{"rendered":"Mes accompagnements"},"content":{"rendered":"\t\t<div <br \/>\n<b>Warning<\/b>:  Increment on type bool has no effect, this will change in the next major version of PHP in <b>\/home\/naturailbg\/www\/wp-content\/plugins\/elementor\/includes\/base\/controls-stack.php<\/b> on line <b>741<\/b><br \/>\ndata-elementor-type=\"wp-page\" data-elementor-id=\"743\" class=\"elementor elementor-743\">\n\t\t\t\t\t\t<section class=\"elementor-section elementor-top-section elementor-element elementor-element-232e1d2 elementor-section-boxed elementor-section-height-default elementor-section-height-default\" data-id=\"232e1d2\" data-element_type=\"section\" data-e-type=\"section\">\n\t\t\t\t\t\t<div class=\"elementor-container elementor-column-gap-default\">\n\t\t\t\t\t<div class=\"elementor-column elementor-col-100 elementor-top-column elementor-element elementor-element-65affd3\" data-id=\"65affd3\" data-element_type=\"column\" data-e-type=\"column\">\n\t\t\t<div class=\"elementor-widget-wrap elementor-element-populated\">\n\t\t\t\t\t\t<div class=\"elementor-element elementor-element-b436f47 elementor-invisible elementor-widget elementor-widget-image\" data-id=\"b436f47\" data-element_type=\"widget\" data-e-type=\"widget\" data-settings=\"{&quot;_animation&quot;:&quot;pulse&quot;}\" data-widget_type=\"image.default\">\n\t\t\t\t<div class=\"elementor-widget-container\">\n\t\t\t\t\t\t\t\t\t\t\t\t\t\t\t<img fetchpriority=\"high\" decoding=\"async\" width=\"500\" height=\"500\" src=\"https:\/\/naturailes-sante.com\/wp-content\/uploads\/2022\/06\/CONSULTATION.png\" class=\"attachment-large size-large wp-image-749\" alt=\"\" srcset=\"https:\/\/naturailes-sante.com\/wp-content\/uploads\/2022\/06\/CONSULTATION.png 500w, https:\/\/naturailes-sante.com\/wp-content\/uploads\/2022\/06\/CONSULTATION-300x300.png 300w, https:\/\/naturailes-sante.com\/wp-content\/uploads\/2022\/06\/CONSULTATION-150x150.png 150w, https:\/\/naturailes-sante.com\/wp-content\/uploads\/2022\/06\/CONSULTATION-100x100.png 100w\" sizes=\"(max-width: 500px) 100vw, 500px\" \/>\t\t\t\t\t\t\t\t\t\t\t\t\t\t\t<\/div>\n\t\t\t\t<\/div>\n\t\t\t\t\t<\/div>\n\t\t<\/div>\n\t\t\t\t\t<\/div>\n\t\t<\/section>\n\t\t\t\t<section class=\"elementor-section elementor-top-section elementor-element elementor-element-ac6992d elementor-section-boxed elementor-section-height-default elementor-section-height-default\" data-id=\"ac6992d\" data-element_type=\"section\" data-e-type=\"section\">\n\t\t\t\t\t\t<div class=\"elementor-container elementor-column-gap-default\">\n\t\t\t\t\t<div class=\"elementor-column elementor-col-100 elementor-top-column elementor-element elementor-element-50d6794\" data-id=\"50d6794\" data-element_type=\"column\" data-e-type=\"column\">\n\t\t\t<div class=\"elementor-widget-wrap elementor-element-populated\">\n\t\t\t\t\t\t<div class=\"elementor-element elementor-element-4a8d276 elementor-widget elementor-widget-text-editor\" data-id=\"4a8d276\" data-element_type=\"widget\" data-e-type=\"widget\" data-widget_type=\"text-editor.default\">\n\t\t\t\t<div class=\"elementor-widget-container\">\n\t\t\t\t\t\t\t\t\t<div class=\"elementor-element elementor-element-362b74f elementor-widget elementor-widget-text-editor\" data-id=\"362b74f\" data-element_type=\"widget\" data-widget_type=\"text-editor.default\"><div class=\"elementor-widget-container\"><h2 style=\"text-align: center;\"><span style=\"color: #24d5b4;\"><strong>En visio ou \u00e0 domicile<\/strong><\/span><\/h2><\/div><\/div><div class=\"elementor-element elementor-element-ef9ab39 elementor-widget elementor-widget-text-editor\" data-id=\"ef9ab39\" data-element_type=\"widget\" data-widget_type=\"text-editor.default\"><div class=\"elementor-widget-container\">\u00a0<\/div><\/div>\t\t\t\t\t\t\t\t<\/div>\n\t\t\t\t<\/div>\n\t\t\t\t<div class=\"elementor-element elementor-element-c7d998f elementor-widget elementor-widget-image\" data-id=\"c7d998f\" data-element_type=\"widget\" data-e-type=\"widget\" data-widget_type=\"image.default\">\n\t\t\t\t<div class=\"elementor-widget-container\">\n\t\t\t\t\t\t\t\t\t\t\t\t\t\t\t<img decoding=\"async\" width=\"500\" height=\"500\" src=\"https:\/\/naturailes-sante.com\/wp-content\/uploads\/2022\/07\/CONSULTATION-3.png\" class=\"attachment-large size-large wp-image-848\" alt=\"\" srcset=\"https:\/\/naturailes-sante.com\/wp-content\/uploads\/2022\/07\/CONSULTATION-3.png 500w, https:\/\/naturailes-sante.com\/wp-content\/uploads\/2022\/07\/CONSULTATION-3-300x300.png 300w, https:\/\/naturailes-sante.com\/wp-content\/uploads\/2022\/07\/CONSULTATION-3-150x150.png 150w, https:\/\/naturailes-sante.com\/wp-content\/uploads\/2022\/07\/CONSULTATION-3-100x100.png 100w\" sizes=\"(max-width: 500px) 100vw, 500px\" \/>\t\t\t\t\t\t\t\t\t\t\t\t\t\t\t<\/div>\n\t\t\t\t<\/div>\n\t\t\t\t<div class=\"elementor-element elementor-element-4ea2a7a elementor-widget elementor-widget-spacer\" data-id=\"4ea2a7a\" data-element_type=\"widget\" data-e-type=\"widget\" data-widget_type=\"spacer.default\">\n\t\t\t\t<div class=\"elementor-widget-container\">\n\t\t\t\t\t\t\t<div class=\"elementor-spacer\">\n\t\t\t<div class=\"elementor-spacer-inner\"><\/div>\n\t\t<\/div>\n\t\t\t\t\t\t<\/div>\n\t\t\t\t<\/div>\n\t\t\t\t<div class=\"elementor-element elementor-element-42bced4 elementor-widget elementor-widget-text-editor\" data-id=\"42bced4\" data-element_type=\"widget\" data-e-type=\"widget\" data-widget_type=\"text-editor.default\">\n\t\t\t\t<div class=\"elementor-widget-container\">\n\t\t\t\t\t\t\t\t\t<h4 style=\"text-align: center;\"><span style=\"color: #ba871d;\"><strong>Je vous accompagne pour :<\/strong><\/span><\/h4><ul><li class=\"\"><h5><span style=\"color: #1f523d;\">Un <strong>bilan<\/strong> et une <strong>harmonisation globale<\/strong> <strong class=\"\">(mental &#8211; <\/strong><strong class=\"\">corps &#8211; \u00e9motions &#8211; spirituel)<\/strong><\/span><\/h5><\/li><li><h5><span style=\"color: #1f523d;\">Apprendre \u00e0\u00a0<strong>manger avec plaisir et sainement<\/strong><\/span><\/h5><\/li><li><h5><span style=\"color: #1f523d;\"><strong>Choisir <\/strong>ce qui<strong> vous nourrit<\/strong><\/span><\/h5><\/li><li><h5><span style=\"color: #1f523d;\">Retrouver un\u00a0<strong>confort digestif et une\u00a0<\/strong><strong>bonne assimilation<\/strong><\/span><\/h5><\/li><li><h5><span style=\"color: #1f523d;\">Favoriser un <strong>terrain sain<\/strong> (fluides du corps)<\/span><\/h5><\/li><li><h5><span style=\"color: #1f523d;\">R\u00e9guler vos\u00a0<strong>hormones et vos cycles<\/strong><\/span><\/h5><\/li><li><h5><span style=\"color: #1f523d;\">Renforcer le\u00a0<strong>syst<\/strong><strong>\u00e8me <span style=\"color: #1f523d;\">immunitaire<\/span><\/strong><\/span><\/h5><\/li><li><h5><span style=\"color: #1f523d;\">Vivre vos <strong>\u00e9motions<\/strong> avec plus de l\u00e9g\u00e8ret\u00e9<\/span><\/h5><\/li><li><h5><span style=\"color: #1f523d;\">G\u00e9rer des \u00e9tats de\u00a0<strong>stress, nervosit\u00e9, insomnie<\/strong><\/span><\/h5><\/li><li><h5><span style=\"color: #1f523d;\">Vous lib\u00e9rer des \u00e9tats de\u00a0<strong>fatigue passag\u00e8re ou chronique<\/strong>,\u00a0<strong>vivifier votre <\/strong><strong>\u00e9nergie globale<\/strong><\/span><\/h5><\/li><li><h5><span style=\"color: #1f523d;\">Savoir <strong>prendre soin de votre corps<\/strong><\/span><\/h5><\/li><li><h5><strong><span style=\"color: #1f523d;\">Simplifier <\/span><\/strong><span style=\"color: #1f523d;\">votre quotidien<\/span><\/h5><\/li><li><h5><span style=\"color: #1f523d;\">D\u00e9velopper votre <strong>spiritualit\u00e9<\/strong><\/span><\/h5><\/li><\/ul>\t\t\t\t\t\t\t\t<\/div>\n\t\t\t\t<\/div>\n\t\t\t\t<div class=\"elementor-element elementor-element-d24c3d6 elementor-widget elementor-widget-text-editor\" data-id=\"d24c3d6\" data-element_type=\"widget\" data-e-type=\"widget\" data-widget_type=\"text-editor.default\">\n\t\t\t\t<div class=\"elementor-widget-container\">\n\t\t\t\t\t\t\t\t\t<h4 style=\"text-align: center;\"><span style=\"color: #ba871d;\"><strong class=\"\">Consultation -&gt; Accompagnement :<\/strong><\/span><\/h4><h5 style=\"text-align: center;\"><strong><span style=\"color: #0a4027;\">L&rsquo;accompagnement et une symbiose entre vous et moi, qui se fait sur le long terme et permet d&rsquo;atteindre vos objectifs de vie et de sant\u00e9 d\u00e9finis au pr\u00e9alable.<\/span><\/strong><\/h5><h5 style=\"text-align: center;\"><span style=\"color: #0a4027;\">Les rendez-vous peuvent comprendre : <\/span><\/h5><ul><li style=\"list-style-type: none;\"><ul><li style=\"text-align: left;\"><h5><span style=\"color: #0a4027;\">un <strong>soin<\/strong> (harmonisation, r\u00e9flexologie plantaire, onction aromatique),<\/span><\/h5><\/li><li style=\"text-align: left;\"><h5><span style=\"color: #0a4027;\">une <strong>formation courte<\/strong> sur un sujet pr\u00e9cis et en fonction de votre besoin,<\/span><\/h5><\/li><li style=\"text-align: left;\"><h5><span style=\"color: #0a4027;\">ou une <strong>activit\u00e9<\/strong> de d\u00e9tente et oxyg\u00e9nation du corps.<\/span><\/h5><\/li><\/ul><\/li><\/ul>\t\t\t\t\t\t\t\t<\/div>\n\t\t\t\t<\/div>\n\t\t\t\t<div class=\"elementor-element elementor-element-39b6b62 elementor-widget elementor-widget-text-editor\" data-id=\"39b6b62\" data-element_type=\"widget\" data-e-type=\"widget\" data-widget_type=\"text-editor.default\">\n\t\t\t\t<div class=\"elementor-widget-container\">\n\t\t\t\t\t\t\t\t\t<h4 style=\"text-align: center;\"><span style=\"color: #ba871d;\"><strong class=\"\">Infos pratiques :<\/strong><\/span><\/h4><h4 style=\"text-align: center;\"><span style=\"color: #2c473d;\">Les accompagnements se font<strong class=\"\">\u00a0par visio\u00a0<\/strong>ou aux<strong class=\"\">\u00a0alentours de BARR.<\/strong><\/span><\/h4><h4 style=\"text-align: center;\"><span style=\"color: #2c473d;\">Comptez\u00a0<strong class=\"\">60 \u00e0 90 minutes par rendez-vous<\/strong>\u00a0selon le sujet trait\u00e9.<\/span><\/h4><h4 style=\"text-align: center;\"><span style=\"color: #2c473d;\">Pour \u00eatre accompagn\u00e9.e, <strong class=\"\">envoyer moi un email \u00e0 <span style=\"color: #24d5b4;\"><a class=\"\" style=\"color: #24d5b4;\" href=\"mailto:contact@claireandreewitch.com\" target=\"_blank\" rel=\"noopener noreferrer\" data-auth=\"NotApplicable\" data-linkindex=\"0\">sarah.vitel@naturailes-sante.com<\/a><\/span><\/strong><\/span><\/h4><h4 style=\"text-align: center;\">\u00a0<\/h4><h4 style=\"text-align: center;\"><span style=\"color: #ba871d;\"><strong>Dur\u00e9e :<\/strong><\/span><\/h4><h4 style=\"text-align: center;\"><span style=\"color: #2c473d;\">Accompagnement <strong>1 mois = 3 rendez-vous<\/strong><\/span><\/h4><h4 style=\"text-align: center;\"><span style=\"color: #2c473d;\">Accompagnement <strong>3 mois = 8 rendez-vous<\/strong><\/span><\/h4><h4 style=\"text-align: center;\"><span style=\"color: #2c473d;\">Accompagnement <strong>8 mois = 20 rendez-vous<\/strong><\/span><\/h4><h4 style=\"text-align: center;\"><span style=\"color: #ba871d;\"><strong>Tarifs :<\/strong><\/span><\/h4>\t\t\t\t\t\t\t\t<\/div>\n\t\t\t\t<\/div>\n\t\t\t\t<div class=\"elementor-element elementor-element-b5e560e elementor-align-center elementor-widget elementor-widget-button\" data-id=\"b5e560e\" data-element_type=\"widget\" data-e-type=\"widget\" data-widget_type=\"button.default\">\n\t\t\t\t<div class=\"elementor-widget-container\">\n\t\t\t\t\t\t\t\t\t<div class=\"elementor-button-wrapper\">\n\t\t\t\t\t<a class=\"elementor-button elementor-button-link elementor-size-lg\" href=\"mailto:sarah.vitel@naturailes-sante.com\" target=\"_blank\">\n\t\t\t\t\t\t<span class=\"elementor-button-content-wrapper\">\n\t\t\t\t\t\t\t\t\t<span class=\"elementor-button-text\">Merci de me contacter en cliquant ici<\/span>\n\t\t\t\t\t<\/span>\n\t\t\t\t\t<\/a>\n\t\t\t\t<\/div>\n\t\t\t\t\t\t\t\t<\/div>\n\t\t\t\t<\/div>\n\t\t\t\t<div class=\"elementor-element elementor-element-e4e5aa2 elementor-widget elementor-widget-spacer\" data-id=\"e4e5aa2\" data-element_type=\"widget\" data-e-type=\"widget\" data-widget_type=\"spacer.default\">\n\t\t\t\t<div class=\"elementor-widget-container\">\n\t\t\t\t\t\t\t<div class=\"elementor-spacer\">\n\t\t\t<div class=\"elementor-spacer-inner\"><\/div>\n\t\t<\/div>\n\t\t\t\t\t\t<\/div>\n\t\t\t\t<\/div>\n\t\t\t\t<div class=\"elementor-element elementor-element-90432ef elementor-widget elementor-widget-text-editor\" data-id=\"90432ef\" data-element_type=\"widget\" data-e-type=\"widget\" data-widget_type=\"text-editor.default\">\n\t\t\t\t<div class=\"elementor-widget-container\">\n\t\t\t\t\t\t\t\t\t<h4 style=\"text-align: center;\"><strong>Cet accompagnement est fait pour vous si :<\/strong><\/h4><h5>\u00a0<\/h5><h5 style=\"text-align: center;\">\u2b50 Vous souhaitez retrouver votre nature<\/h5><h5 style=\"text-align: center;\">\u2b50 Vous d\u00e9sirez \u00eatre en harmonie avec vous-m\u00eame et la vie<\/h5><h5 style=\"text-align: center;\">\u2b50 Vous souhaitez \u00eatre cr\u00e9atrice\/cr\u00e9ateur et actrice\/acteur de votre vie<\/h5><h5 style=\"text-align: center;\">\u2b50 Vous avez besoin d&rsquo;une \u00e9coute bienveillante, de conseils \u00e9clairants et adapt\u00e9s<\/h5><h5 style=\"text-align: center;\">\u2b50 Vous d\u00e9sirez un accompagnement holistique<\/h5><h5 style=\"text-align: center;\">\u2b50 Vous \u00eates pr\u00eat.e faire le premier pas et vous engagez pour vous<\/h5><h5 style=\"text-align: center;\">\u2b50 Vous voulez retrouver davantage de paix et de clart\u00e9<\/h5><h5 style=\"text-align: center;\">\u2b50 Vous \u00eates pr\u00eat(e) \u00e0 accueillir l&rsquo;amour, la joie et vivre pleinement en sant\u00e9.<\/h5>\t\t\t\t\t\t\t\t<\/div>\n\t\t\t\t<\/div>\n\t\t\t\t\t<\/div>\n\t\t<\/div>\n\t\t\t\t\t<\/div>\n\t\t<\/section>\n\t\t\t\t<section class=\"elementor-section elementor-top-section elementor-element elementor-element-e3c6030 elementor-section-boxed elementor-section-height-default elementor-section-height-default\" data-id=\"e3c6030\" data-element_type=\"section\" data-e-type=\"section\">\n\t\t\t\t\t\t<div class=\"elementor-container elementor-column-gap-default\">\n\t\t\t\t\t<div class=\"elementor-column elementor-col-100 elementor-top-column elementor-element elementor-element-7dc7b30\" data-id=\"7dc7b30\" data-element_type=\"column\" data-e-type=\"column\">\n\t\t\t<div class=\"elementor-widget-wrap elementor-element-populated\">\n\t\t\t\t\t\t<div class=\"elementor-element elementor-element-3b99d94 elementor-align-center elementor-invisible elementor-widget elementor-widget-button\" data-id=\"3b99d94\" data-element_type=\"widget\" data-e-type=\"widget\" data-settings=\"{&quot;_animation&quot;:&quot;zoomIn&quot;}\" data-widget_type=\"button.default\">\n\t\t\t\t<div class=\"elementor-widget-container\">\n\t\t\t\t\t\t\t\t\t<div class=\"elementor-button-wrapper\">\n\t\t\t\t\t<a class=\"elementor-button elementor-button-link elementor-size-lg\" href=\"https:\/\/naturailes-sante.com\/index.php\/contacts\/\">\n\t\t\t\t\t\t<span class=\"elementor-button-content-wrapper\">\n\t\t\t\t\t\t\t\t\t<span class=\"elementor-button-text\">Travaillons ensembles<\/span>\n\t\t\t\t\t<\/span>\n\t\t\t\t\t<\/a>\n\t\t\t\t<\/div>\n\t\t\t\t\t\t\t\t<\/div>\n\t\t\t\t<\/div>\n\t\t\t\t\t<\/div>\n\t\t<\/div>\n\t\t\t\t\t<\/div>\n\t\t<\/section>\n\t\t\t\t<\/div>\n\t\t","protected":false},"excerpt":{"rendered":"<p>En visio ou \u00e0 domicile \u00a0 Je vous accompagne pour : Un bilan et une harmonisation globale (mental &#8211; corps &#8211; \u00e9motions &#8211; spirituel) Apprendre \u00e0\u00a0manger avec plaisir et sainement Choisir ce qui vous nourrit Retrouver un\u00a0confort digestif et une\u00a0bonne assimilation Favoriser un terrain sain (fluides du corps) R\u00e9guler vos\u00a0hormones et vos cycles Renforcer le\u00a0syst\u00e8me [&hellip;]<\/p>\n","protected":false},"author":1,"featured_media":0,"parent":32,"menu_order":1,"comment_status":"closed","ping_status":"closed","template":"","meta":{"_monsterinsights_skip_tracking":false,"_monsterinsights_sitenote_active":false,"_monsterinsights_sitenote_note":"","_monsterinsights_sitenote_category":0,"site-sidebar-layout":"no-sidebar","site-content-layout":"page-builder","ast-site-content-layout":"","site-content-style":"default","site-sidebar-style":"default","ast-global-header-display":"","ast-banner-title-visibility":"","ast-main-header-display":"","ast-hfb-above-header-display":"","ast-hfb-below-header-display":"","ast-hfb-mobile-header-display":"","site-post-title":"disabled","ast-breadcrumbs-content":"","ast-featured-img":"disabled","footer-sml-layout":"","theme-transparent-header-meta":"","adv-header-id-meta":"","stick-header-meta":"","header-above-stick-meta":"","header-main-stick-meta":"","header-below-stick-meta":"","astra-migrate-meta-layouts":"default","ast-page-background-enabled":"default","ast-page-background-meta":{"desktop":{"background-color":"var(--ast-global-color-4)","background-image":"","background-repeat":"repeat","background-position":"center center","background-size":"auto","background-attachment":"scroll","background-type":"","background-media":"","overlay-type":"","overlay-color":"","overlay-opacity":"","overlay-gradient":""},"tablet":{"background-color":"","background-image":"","background-repeat":"repeat","background-position":"center center","background-size":"auto","background-attachment":"scroll","background-type":"","background-media":"","overlay-type":"","overlay-color":"","overlay-opacity":"","overlay-gradient":""},"mobile":{"background-color":"","background-image":"","background-repeat":"repeat","background-position":"center center","background-size":"auto","background-attachment":"scroll","background-type":"","background-media":"","overlay-type":"","overlay-color":"","overlay-opacity":"","overlay-gradient":""}},"ast-content-background-meta":{"desktop":{"background-color":"var(--ast-global-color-5)","background-image":"","background-repeat":"repeat","background-position":"center center","background-size":"auto","background-attachment":"scroll","background-type":"","background-media":"","overlay-type":"","overlay-color":"","overlay-opacity":"","overlay-gradient":""},"tablet":{"background-color":"var(--ast-global-color-5)","background-image":"","background-repeat":"repeat","background-position":"center center","background-size":"auto","background-attachment":"scroll","background-type":"","background-media":"","overlay-type":"","overlay-color":"","overlay-opacity":"","overlay-gradient":""},"mobile":{"background-color":"var(--ast-global-color-5)","background-image":"","background-repeat":"repeat","background-position":"center center","background-size":"auto","background-attachment":"scroll","background-type":"","background-media":"","overlay-type":"","overlay-color":"","overlay-opacity":"","overlay-gradient":""}},"footnotes":""},"class_list":["post-743","page","type-page","status-publish","hentry"],"_links":{"self":[{"href":"https:\/\/naturailes-sante.com\/index.php\/wp-json\/wp\/v2\/pages\/743","targetHints":{"allow":["GET"]}}],"collection":[{"href":"https:\/\/naturailes-sante.com\/index.php\/wp-json\/wp\/v2\/pages"}],"about":[{"href":"https:\/\/naturailes-sante.com\/index.php\/wp-json\/wp\/v2\/types\/page"}],"author":[{"embeddable":true,"href":"https:\/\/naturailes-sante.com\/index.php\/wp-json\/wp\/v2\/users\/1"}],"replies":[{"embeddable":true,"href":"https:\/\/naturailes-sante.com\/index.php\/wp-json\/wp\/v2\/comments?post=743"}],"version-history":[{"count":52,"href":"https:\/\/naturailes-sante.com\/index.php\/wp-json\/wp\/v2\/pages\/743\/revisions"}],"predecessor-version":[{"id":1049,"href":"https:\/\/naturailes-sante.com\/index.php\/wp-json\/wp\/v2\/pages\/743\/revisions\/1049"}],"up":[{"embeddable":true,"href":"https:\/\/naturailes-sante.com\/index.php\/wp-json\/wp\/v2\/pages\/32"}],"wp:attachment":[{"href":"https:\/\/naturailes-sante.com\/index.php\/wp-json\/wp\/v2\/media?parent=743"}],"curies":[{"name":"wp","href":"https:\/\/api.w.org\/{rel}","templated":true}]}}