{"id":477,"date":"2022-05-20T15:37:24","date_gmt":"2022-05-20T13:37:24","guid":{"rendered":"https:\/\/naturailes-sante.com\/?page_id=477"},"modified":"2025-01-09T16:08:21","modified_gmt":"2025-01-09T15:08:21","slug":"cursus-formations-et-diplomes","status":"publish","type":"page","link":"https:\/\/naturailes-sante.com\/index.php\/qui-suis-je-2\/qui-suis-je\/cursus-formations-et-diplomes\/","title":{"rendered":"Cursus, formations et dipl\u00f4mes"},"content":{"rendered":"<div class=\"wp-block-columns is-layout-flex wp-container-core-columns-is-layout-1 wp-block-columns-is-layout-flex\"><div class=\"wp-block-column is-layout-flow wp-block-column-is-layout-flow\"><\/div><\/div><div class=\"wp-block-columns is-layout-flex wp-container-core-columns-is-layout-2 wp-block-columns-is-layout-flex\"><div class=\"wp-block-column is-layout-flow wp-block-column-is-layout-flow\"><p class=\"has-text-align-center has-white-color has-text-color has-background has-medium-font-size\" style=\"background-color:#24d5b4\"><strong>DIPL\u00d4MES ET CERTIFICATS<\/strong><\/p><\/div><\/div><figure class=\"wp-block-table\"><table class=\"has-text-color has-fixed-layout\" style=\"color:#0bab79\"><thead><tr><th class=\"has-text-align-center\" data-align=\"center\">M\u00c9TIERS &#8211; DOMAINES<\/th><th class=\"has-text-align-center\" data-align=\"center\"><strong>DIPL\u00d4MES &#8211; CERTIFICATS<\/strong><\/th><th class=\"has-text-align-center\" data-align=\"center\"><strong>ANN\u00c9ES<\/strong><\/th><\/tr><\/thead><\/table><\/figure><figure class=\"wp-block-table\"><table class=\"has-white-color has-text-color has-background has-fixed-layout\" style=\"background:linear-gradient(1deg,rgb(240,9,113) 0%,rgb(186,124,252) 29%,rgb(186,135,29) 59%,rgb(36,213,180) 100%)\"><tbody><tr><td class=\"has-text-align-center\" data-align=\"center\"><strong>FORMATRICE POUR ADULTES<\/strong><\/td><td class=\"has-text-align-center\" data-align=\"center\"><strong>VOIR<\/strong><\/td><td class=\"has-text-align-center\" data-align=\"center\"><strong>2020<\/strong><\/td><\/tr><tr><td class=\"has-text-align-center\" data-align=\"center\"><strong>CONSEILL\u00c8RE EN NATUROPATHIE<\/strong><\/td><td class=\"has-text-align-center\" data-align=\"center\"><strong><a href=\"https:\/\/naturailes-sante.com\/wp-content\/uploads\/2022\/05\/diplome_naturo_juillet2019.jpg\" data-type=\"URL\" data-id=\"https:\/\/naturailes-sante.com\/wp-content\/uploads\/2022\/05\/diplome_naturo_juillet2019.jpg\" target=\"_blank\" rel=\"noreferrer noopener\">VOIR<\/a><\/strong><\/td><td class=\"has-text-align-center\" data-align=\"center\"><strong>2019<\/strong><\/td><\/tr><tr><td class=\"has-text-align-center\" data-align=\"center\"><strong>PHYTO-AROMATH\u00c9RAPEUTE<\/strong><\/td><td class=\"has-text-align-center\" data-align=\"center\"><meta charset=\"utf-8\"><strong><a href=\"https:\/\/naturailes-sante.com\/wp-content\/uploads\/2022\/05\/diplo\u0302me-Phyto-aromathe\u0301rapie-Sarah-Vitel-2019-scaled.jpg\" data-type=\"URL\" data-id=\"https:\/\/naturailes-sante.com\/wp-content\/uploads\/2022\/05\/diplo\u0302me-Phyto-aromathe\u0301rapie-Sarah-Vitel-2019-scaled.jpg\" target=\"_blank\" rel=\"noreferrer noopener\">VOIR<\/a><\/strong><\/td><td class=\"has-text-align-center\" data-align=\"center\"><meta charset=\"utf-8\"><strong>2019<\/strong><\/td><\/tr><tr><td class=\"has-text-align-center\" data-align=\"center\"><strong>PR\u00c9PARATIONS DE REM\u00c8DES<\/strong><\/td><td class=\"has-text-align-center\" data-align=\"center\"><strong><a href=\"https:\/\/naturailes-sante.com\/wp-content\/uploads\/2022\/05\/Certificat-Pre\u0301paration-de-reme\u0300des.pdf\" data-type=\"URL\" data-id=\"https:\/\/naturailes-sante.com\/wp-content\/uploads\/2022\/05\/Certificat-Pre\u0301paration-de-reme\u0300des.pdf\" target=\"_blank\" rel=\"noreferrer noopener\">VOIR<\/a><\/strong><\/td><td class=\"has-text-align-center\" data-align=\"center\"><strong>2018<\/strong><\/td><\/tr><tr><td class=\"has-text-align-center\" data-align=\"center\"><strong>LA GROSSESSE<\/strong><\/td><td class=\"has-text-align-center\" data-align=\"center\"><meta charset=\"utf-8\"><strong><a href=\"https:\/\/naturailes-sante.com\/wp-content\/uploads\/2022\/05\/img394-scaled-e1653054247431.jpg\" data-type=\"URL\" data-id=\"https:\/\/naturailes-sante.com\/wp-content\/uploads\/2022\/05\/img394-scaled-e1653054247431.jpg\" target=\"_blank\" rel=\"noreferrer noopener\">VOIR<\/a><\/strong><\/td><td class=\"has-text-align-center\" data-align=\"center\"><meta charset=\"utf-8\"><strong>2019<\/strong><\/td><\/tr><tr><td class=\"has-text-align-center\" data-align=\"center\"><strong>D\u00c9TOXINATION<\/strong><\/td><td class=\"has-text-align-center\" data-align=\"center\"><meta charset=\"utf-8\"><strong><a href=\"https:\/\/naturailes-sante.com\/wp-content\/uploads\/2022\/05\/Certificat-La-royale-1.pdf\" data-type=\"URL\" target=\"_blank\" rel=\"noreferrer noopener\">VOIR<\/a><\/strong><\/td><td class=\"has-text-align-center\" data-align=\"center\"><meta charset=\"utf-8\"><strong>2019<\/strong><\/td><\/tr><tr><td class=\"has-text-align-center\" data-align=\"center\"><strong>LE<\/strong> <strong>CERVEAU<\/strong><\/td><td class=\"has-text-align-center\" data-align=\"center\"><strong>VOIR<\/strong><\/td><td class=\"has-text-align-center\" data-align=\"center\"><strong>2020<\/strong><\/td><\/tr><\/tbody><\/table><\/figure><div class=\"wp-block-columns is-layout-flex wp-container-core-columns-is-layout-3 wp-block-columns-is-layout-flex\"><div class=\"wp-block-column is-layout-flow wp-block-column-is-layout-flow\"><figure class=\"wp-block-image aligncenter size-full is-resized\"><a href=\"https:\/\/www.francecompetences.fr\/recherche\/rncp\/28414\/\" target=\"_blank\" rel=\"noopener\"><img fetchpriority=\"high\" decoding=\"async\" width=\"476\" height=\"158\" src=\"https:\/\/naturailes-sante.com\/wp-content\/uploads\/2022\/05\/France_Competences-Certification-RNCP.png\" alt=\"\" class=\"wp-image-524\" style=\"width:295px;height:98px\" srcset=\"https:\/\/naturailes-sante.com\/wp-content\/uploads\/2022\/05\/France_Competences-Certification-RNCP.png 476w, https:\/\/naturailes-sante.com\/wp-content\/uploads\/2022\/05\/France_Competences-Certification-RNCP-300x100.png 300w\" sizes=\"(max-width: 476px) 100vw, 476px\" \/><\/a><\/figure><\/div>\n\n<div class=\"wp-block-column is-layout-flow wp-block-column-is-layout-flow\"><figure class=\"wp-block-image aligncenter size-large is-resized\"><a href=\"https:\/\/plantasante.fr\/formation\/phyto-aromatherapie\/formation-certifiante\/\" target=\"_blank\" rel=\"noopener\"><img decoding=\"async\" src=\"https:\/\/plantasante.fr\/wp-content\/uploads\/2021\/01\/logo-qualiopi.png\" alt=\"\" style=\"width:213px;height:114px\"\/><\/a><\/figure><\/div><\/div><div class=\"wp-block-columns is-layout-flex wp-container-core-columns-is-layout-4 wp-block-columns-is-layout-flex\"><div class=\"wp-block-column is-layout-flow wp-block-column-is-layout-flow\" style=\"flex-basis:100%\"><p class=\"has-text-align-center has-white-color has-text-color has-background has-medium-font-size\" style=\"background-color:#ba7cfc\"><strong>MON CURSUS<\/strong><\/p><\/div><\/div><figure class=\"wp-block-image aligncenter size-large\"><img decoding=\"async\" width=\"476\" height=\"954\" src=\"https:\/\/naturailes-sante.com\/wp-content\/uploads\/2021\/06\/Capture-decran-2021-06-30-a-16.55.15.png\" alt=\"\" class=\"wp-image-288\" srcset=\"https:\/\/naturailes-sante.com\/wp-content\/uploads\/2021\/06\/Capture-decran-2021-06-30-a-16.55.15.png 476w, https:\/\/naturailes-sante.com\/wp-content\/uploads\/2021\/06\/Capture-decran-2021-06-30-a-16.55.15-150x300.png 150w\" sizes=\"(max-width: 476px) 100vw, 476px\" \/><\/figure><figure class=\"wp-block-image size-large\"><img decoding=\"async\" width=\"886\" height=\"570\" src=\"https:\/\/naturailes-sante.com\/wp-content\/uploads\/2021\/06\/Capture-decran-2021-06-30-a-17.13.55.png\" alt=\"\" class=\"wp-image-289\" srcset=\"https:\/\/naturailes-sante.com\/wp-content\/uploads\/2021\/06\/Capture-decran-2021-06-30-a-17.13.55.png 886w, https:\/\/naturailes-sante.com\/wp-content\/uploads\/2021\/06\/Capture-decran-2021-06-30-a-17.13.55-600x386.png 600w, https:\/\/naturailes-sante.com\/wp-content\/uploads\/2021\/06\/Capture-decran-2021-06-30-a-17.13.55-300x193.png 300w, https:\/\/naturailes-sante.com\/wp-content\/uploads\/2021\/06\/Capture-decran-2021-06-30-a-17.13.55-768x494.png 768w\" sizes=\"(max-width: 886px) 100vw, 886px\" \/><\/figure>","protected":false},"excerpt":{"rendered":"<p>DIPL\u00d4MES ET CERTIFICATS M\u00c9TIERS &#8211; DOMAINES DIPL\u00d4MES &#8211; CERTIFICATS ANN\u00c9ES FORMATRICE POUR ADULTES VOIR 2020 CONSEILL\u00c8RE EN NATUROPATHIE VOIR 2019 PHYTO-AROMATH\u00c9RAPEUTE VOIR 2019 PR\u00c9PARATIONS DE REM\u00c8DES VOIR 2018 LA GROSSESSE VOIR 2019 D\u00c9TOXINATION VOIR 2019 LE CERVEAU VOIR 2020 MON CURSUS<\/p>\n","protected":false},"author":1,"featured_media":0,"parent":91,"menu_order":1,"comment_status":"closed","ping_status":"closed","template":"","meta":{"_monsterinsights_skip_tracking":false,"_monsterinsights_sitenote_active":false,"_monsterinsights_sitenote_note":"","_monsterinsights_sitenote_category":0,"site-sidebar-layout":"default","site-content-layout":"","ast-site-content-layout":"default","site-content-style":"default","site-sidebar-style":"default","ast-global-header-display":"","ast-banner-title-visibility":"","ast-main-header-display":"","ast-hfb-above-header-display":"","ast-hfb-below-header-display":"","ast-hfb-mobile-header-display":"","site-post-title":"","ast-breadcrumbs-content":"","ast-featured-img":"","footer-sml-layout":"","theme-transparent-header-meta":"","adv-header-id-meta":"","stick-header-meta":"","header-above-stick-meta":"","header-main-stick-meta":"","header-below-stick-meta":"","astra-migrate-meta-layouts":"set","ast-page-background-enabled":"default","ast-page-background-meta":{"desktop":{"background-color":"var(--ast-global-color-4)","background-image":"","background-repeat":"repeat","background-position":"center center","background-size":"auto","background-attachment":"scroll","background-type":"","background-media":"","overlay-type":"","overlay-color":"","overlay-opacity":"","overlay-gradient":""},"tablet":{"background-color":"","background-image":"","background-repeat":"repeat","background-position":"center center","background-size":"auto","background-attachment":"scroll","background-type":"","background-media":"","overlay-type":"","overlay-color":"","overlay-opacity":"","overlay-gradient":""},"mobile":{"background-color":"","background-image":"","background-repeat":"repeat","background-position":"center center","background-size":"auto","background-attachment":"scroll","background-type":"","background-media":"","overlay-type":"","overlay-color":"","overlay-opacity":"","overlay-gradient":""}},"ast-content-background-meta":{"desktop":{"background-color":"var(--ast-global-color-5)","background-image":"","background-repeat":"repeat","background-position":"center center","background-size":"auto","background-attachment":"scroll","background-type":"","background-media":"","overlay-type":"","overlay-color":"","overlay-opacity":"","overlay-gradient":""},"tablet":{"background-color":"var(--ast-global-color-5)","background-image":"","background-repeat":"repeat","background-position":"center center","background-size":"auto","background-attachment":"scroll","background-type":"","background-media":"","overlay-type":"","overlay-color":"","overlay-opacity":"","overlay-gradient":""},"mobile":{"background-color":"var(--ast-global-color-5)","background-image":"","background-repeat":"repeat","background-position":"center center","background-size":"auto","background-attachment":"scroll","background-type":"","background-media":"","overlay-type":"","overlay-color":"","overlay-opacity":"","overlay-gradient":""}},"footnotes":""},"class_list":["post-477","page","type-page","status-publish","hentry"],"_links":{"self":[{"href":"https:\/\/naturailes-sante.com\/index.php\/wp-json\/wp\/v2\/pages\/477","targetHints":{"allow":["GET"]}}],"collection":[{"href":"https:\/\/naturailes-sante.com\/index.php\/wp-json\/wp\/v2\/pages"}],"about":[{"href":"https:\/\/naturailes-sante.com\/index.php\/wp-json\/wp\/v2\/types\/page"}],"author":[{"embeddable":true,"href":"https:\/\/naturailes-sante.com\/index.php\/wp-json\/wp\/v2\/users\/1"}],"replies":[{"embeddable":true,"href":"https:\/\/naturailes-sante.com\/index.php\/wp-json\/wp\/v2\/comments?post=477"}],"version-history":[{"count":29,"href":"https:\/\/naturailes-sante.com\/index.php\/wp-json\/wp\/v2\/pages\/477\/revisions"}],"predecessor-version":[{"id":1034,"href":"https:\/\/naturailes-sante.com\/index.php\/wp-json\/wp\/v2\/pages\/477\/revisions\/1034"}],"up":[{"embeddable":true,"href":"https:\/\/naturailes-sante.com\/index.php\/wp-json\/wp\/v2\/pages\/91"}],"wp:attachment":[{"href":"https:\/\/naturailes-sante.com\/index.php\/wp-json\/wp\/v2\/media?parent=477"}],"curies":[{"name":"wp","href":"https:\/\/api.w.org\/{rel}","templated":true}]}}