{"id":32,"date":"2019-10-17T14:13:16","date_gmt":"2019-10-17T12:13:16","guid":{"rendered":"http:\/\/naturailes-sante.com\/?page_id=32"},"modified":"2022-07-25T19:20:07","modified_gmt":"2022-07-25T17:20:07","slug":"prestations","status":"publish","type":"page","link":"https:\/\/naturailes-sante.com\/index.php\/prestations\/","title":{"rendered":"SERVICES PROPOS\u00c9S"},"content":{"rendered":"\t\t<div <br \/>\n<b>Warning<\/b>:  Increment on type bool has no effect, this will change in the next major version of PHP in <b>\/home\/naturailbg\/www\/wp-content\/plugins\/elementor\/includes\/base\/controls-stack.php<\/b> on line <b>741<\/b><br \/>\ndata-elementor-type=\"wp-page\" data-elementor-id=\"32\" class=\"elementor elementor-32\">\n\t\t\t\t<section class=\"elementor-section elementor-top-section elementor-element elementor-element-7a85f86 elementor-section-boxed elementor-section-height-default elementor-section-height-default\" data-id=\"7a85f86\" data-element_type=\"section\" data-e-type=\"section\">\n\t\t\t\t\t\t<div class=\"elementor-container elementor-column-gap-default\">\n\t\t\t\t\t<div class=\"elementor-column elementor-col-100 elementor-top-column elementor-element elementor-element-7c3e7aa\" data-id=\"7c3e7aa\" data-element_type=\"column\" data-e-type=\"column\">\n\t\t\t<div class=\"elementor-widget-wrap elementor-element-populated\">\n\t\t\t\t\t\t<div class=\"elementor-element elementor-element-7b552c5 elementor-widget elementor-widget-image\" data-id=\"7b552c5\" data-element_type=\"widget\" data-e-type=\"widget\" data-widget_type=\"image.default\">\n\t\t\t\t<div class=\"elementor-widget-container\">\n\t\t\t\t\t\t\t\t\t\t\t\t\t\t\t<img fetchpriority=\"high\" decoding=\"async\" width=\"300\" height=\"169\" src=\"https:\/\/naturailes-sante.com\/wp-content\/uploads\/2022\/07\/CONSULTATION-edited-300x169.png\" class=\"attachment-medium size-medium wp-image-820\" alt=\"\" srcset=\"https:\/\/naturailes-sante.com\/wp-content\/uploads\/2022\/07\/CONSULTATION-edited-300x169.png 300w, https:\/\/naturailes-sante.com\/wp-content\/uploads\/2022\/07\/CONSULTATION-edited.png 500w\" sizes=\"(max-width: 300px) 100vw, 300px\" \/>\t\t\t\t\t\t\t\t\t\t\t\t\t\t\t<\/div>\n\t\t\t\t<\/div>\n\t\t\t\t\t<\/div>\n\t\t<\/div>\n\t\t\t\t\t<\/div>\n\t\t<\/section>\n\t\t\t\t<section class=\"elementor-section elementor-top-section elementor-element elementor-element-ddf4869 elementor-section-boxed elementor-section-height-default elementor-section-height-default\" data-id=\"ddf4869\" data-element_type=\"section\" data-e-type=\"section\">\n\t\t\t\t\t\t<div class=\"elementor-container elementor-column-gap-default\">\n\t\t\t\t\t<div class=\"elementor-column elementor-col-100 elementor-top-column elementor-element elementor-element-a4352e5\" data-id=\"a4352e5\" data-element_type=\"column\" data-e-type=\"column\">\n\t\t\t<div class=\"elementor-widget-wrap elementor-element-populated\">\n\t\t\t\t\t\t<div class=\"elementor-element elementor-element-66ee154 elementor-widget elementor-widget-image\" data-id=\"66ee154\" data-element_type=\"widget\" data-e-type=\"widget\" data-widget_type=\"image.default\">\n\t\t\t\t<div class=\"elementor-widget-container\">\n\t\t\t\t\t\t\t\t\t\t\t\t\t\t\t<img decoding=\"async\" width=\"1024\" height=\"768\" src=\"https:\/\/naturailes-sante.com\/wp-content\/uploads\/2022\/07\/Consultation-1.png\" class=\"attachment-large size-large wp-image-818\" alt=\"\" srcset=\"https:\/\/naturailes-sante.com\/wp-content\/uploads\/2022\/07\/Consultation-1.png 1024w, https:\/\/naturailes-sante.com\/wp-content\/uploads\/2022\/07\/Consultation-1-300x225.png 300w, https:\/\/naturailes-sante.com\/wp-content\/uploads\/2022\/07\/Consultation-1-768x576.png 768w, https:\/\/naturailes-sante.com\/wp-content\/uploads\/2022\/07\/Consultation-1-600x450.png 600w\" sizes=\"(max-width: 1024px) 100vw, 1024px\" \/>\t\t\t\t\t\t\t\t\t\t\t\t\t\t\t<\/div>\n\t\t\t\t<\/div>\n\t\t\t\t\t<\/div>\n\t\t<\/div>\n\t\t\t\t\t<\/div>\n\t\t<\/section>\n\t\t\t\t<section class=\"elementor-section elementor-top-section elementor-element elementor-element-c124f7c elementor-section-boxed elementor-section-height-default elementor-section-height-default\" data-id=\"c124f7c\" data-element_type=\"section\" data-e-type=\"section\">\n\t\t\t\t\t\t<div class=\"elementor-container elementor-column-gap-default\">\n\t\t\t\t\t<div class=\"elementor-column elementor-col-100 elementor-top-column elementor-element elementor-element-e3f8652\" data-id=\"e3f8652\" data-element_type=\"column\" data-e-type=\"column\">\n\t\t\t<div class=\"elementor-widget-wrap elementor-element-populated\">\n\t\t\t\t\t\t<div class=\"elementor-element elementor-element-f473146 elementor-widget elementor-widget-heading\" data-id=\"f473146\" data-element_type=\"widget\" data-e-type=\"widget\" data-widget_type=\"heading.default\">\n\t\t\t\t<div class=\"elementor-widget-container\">\n\t\t\t\t\t<h2 class=\"elementor-heading-title elementor-size-default\">Je vous propose de vous reconnecter \u00e0 votre \u00eatre, \u00e0 l\u2019essentiel, \u00e0 vous rapprocher de votre \u00e9quilibre en identifiant la ou les causes au-del\u00e0 de l\u2019\u00e9vidence, pour vous retrouver enti\u00e8rement, en pleine sant\u00e9 et en harmonie.<\/h2>\t\t\t\t<\/div>\n\t\t\t\t<\/div>\n\t\t\t\t\t<\/div>\n\t\t<\/div>\n\t\t\t\t\t<\/div>\n\t\t<\/section>\n\t\t\t\t<section class=\"elementor-section elementor-top-section elementor-element elementor-element-24cc6b5 elementor-section-boxed elementor-section-height-default elementor-section-height-default\" data-id=\"24cc6b5\" data-element_type=\"section\" data-e-type=\"section\">\n\t\t\t\t\t\t<div class=\"elementor-container elementor-column-gap-default\">\n\t\t\t\t\t<div class=\"elementor-column elementor-col-100 elementor-top-column elementor-element elementor-element-0c8380f\" data-id=\"0c8380f\" data-element_type=\"column\" data-e-type=\"column\">\n\t\t\t<div class=\"elementor-widget-wrap elementor-element-populated\">\n\t\t\t\t\t\t<div class=\"elementor-element elementor-element-5572c4f elementor-widget elementor-widget-spacer\" data-id=\"5572c4f\" data-element_type=\"widget\" data-e-type=\"widget\" data-widget_type=\"spacer.default\">\n\t\t\t\t<div class=\"elementor-widget-container\">\n\t\t\t\t\t\t\t<div class=\"elementor-spacer\">\n\t\t\t<div class=\"elementor-spacer-inner\"><\/div>\n\t\t<\/div>\n\t\t\t\t\t\t<\/div>\n\t\t\t\t<\/div>\n\t\t\t\t\t<\/div>\n\t\t<\/div>\n\t\t\t\t\t<\/div>\n\t\t<\/section>\n\t\t\t\t<section class=\"elementor-section elementor-top-section elementor-element elementor-element-994aaeb elementor-section-boxed elementor-section-height-default elementor-section-height-default\" data-id=\"994aaeb\" data-element_type=\"section\" data-e-type=\"section\">\n\t\t\t\t\t\t<div class=\"elementor-container elementor-column-gap-default\">\n\t\t\t\t\t<div class=\"elementor-column elementor-col-33 elementor-top-column elementor-element elementor-element-befab96\" data-id=\"befab96\" data-element_type=\"column\" data-e-type=\"column\">\n\t\t\t<div class=\"elementor-widget-wrap elementor-element-populated\">\n\t\t\t\t\t\t<div class=\"elementor-element elementor-element-79f4fb2 elementor-widget elementor-widget-text-editor\" data-id=\"79f4fb2\" data-element_type=\"widget\" data-e-type=\"widget\" data-widget_type=\"text-editor.default\">\n\t\t\t\t<div class=\"elementor-widget-container\">\n\t\t\t\t\t\t\t\t\t<p><span style=\"font-style: inherit; font-weight: inherit; background-color: var(--ast-global-color-5);\">Un esprit sain&nbsp;<\/span><span style=\"font-style: inherit; font-weight: inherit; background-color: var(--ast-global-color-5);\">dans un corps sain.<\/span><br><\/p>\t\t\t\t\t\t\t\t<\/div>\n\t\t\t\t<\/div>\n\t\t\t\t\t<\/div>\n\t\t<\/div>\n\t\t\t\t<div class=\"elementor-column elementor-col-33 elementor-top-column elementor-element elementor-element-9723796\" data-id=\"9723796\" data-element_type=\"column\" data-e-type=\"column\">\n\t\t\t<div class=\"elementor-widget-wrap elementor-element-populated\">\n\t\t\t\t\t\t<div class=\"elementor-element elementor-element-b4ed6c5 elementor-widget elementor-widget-text-editor\" data-id=\"b4ed6c5\" data-element_type=\"widget\" data-e-type=\"widget\" data-widget_type=\"text-editor.default\">\n\t\t\t\t<div class=\"elementor-widget-container\">\n\t\t\t\t\t\t\t\t\t<p class=\"has-text-align-center has-medium-font-size\"><span style=\"background-color: initial; color: rgb(0, 0, 0); font-size: var(--wp--preset--font-size--medium) ; font-style: inherit; font-weight: inherit;\"><br><\/span><\/p><p class=\"has-text-align-center has-medium-font-size\"><span style=\"background-color: initial; color: rgb(0, 0, 0); font-size: var(--wp--preset--font-size--medium) ; font-style: inherit; font-weight: inherit;\">En pr\u00e9vention, comme en traitement de fond.<\/span><br><\/p>\t\t\t\t\t\t\t\t<\/div>\n\t\t\t\t<\/div>\n\t\t\t\t\t<\/div>\n\t\t<\/div>\n\t\t\t\t<div class=\"elementor-column elementor-col-33 elementor-top-column elementor-element elementor-element-c7cbe9d\" data-id=\"c7cbe9d\" data-element_type=\"column\" data-e-type=\"column\">\n\t\t\t<div class=\"elementor-widget-wrap elementor-element-populated\">\n\t\t\t\t\t\t<div class=\"elementor-element elementor-element-a8b22d4 elementor-widget elementor-widget-text-editor\" data-id=\"a8b22d4\" data-element_type=\"widget\" data-e-type=\"widget\" data-widget_type=\"text-editor.default\">\n\t\t\t\t<div class=\"elementor-widget-container\">\n\t\t\t\t\t\t\t\t\t<p class=\"has-text-align-center has-medium-font-size\"><br><\/p><p class=\"has-text-align-center has-medium-font-size\">Par des pratiques personnalis\u00e9es en naturopathie et en lien&nbsp;<strong>avec<\/strong>&nbsp;les professionnels de la sant\u00e9.<\/p>\t\t\t\t\t\t\t\t<\/div>\n\t\t\t\t<\/div>\n\t\t\t\t\t<\/div>\n\t\t<\/div>\n\t\t\t\t\t<\/div>\n\t\t<\/section>\n\t\t\t\t<section class=\"elementor-section elementor-top-section elementor-element elementor-element-57bab60d elementor-section-boxed elementor-section-height-default elementor-section-height-default\" data-id=\"57bab60d\" data-element_type=\"section\" data-e-type=\"section\">\n\t\t\t\t\t\t<div class=\"elementor-container elementor-column-gap-default\">\n\t\t\t\t\t<div class=\"elementor-column elementor-col-100 elementor-top-column elementor-element elementor-element-4fb0b2f7\" data-id=\"4fb0b2f7\" data-element_type=\"column\" data-e-type=\"column\">\n\t\t\t<div class=\"elementor-widget-wrap elementor-element-populated\">\n\t\t\t\t\t\t<div class=\"elementor-element elementor-element-345a6926 elementor-widget elementor-widget-text-editor\" data-id=\"345a6926\" data-element_type=\"widget\" data-e-type=\"widget\" data-widget_type=\"text-editor.default\">\n\t\t\t\t<div class=\"elementor-widget-container\">\n\t\t\t\t\t\t\t\t\t<p><\/p>\n<p><\/p>\n<p><\/p>\n<p><\/p>\n<p><\/p>\n<p><\/p>\n<p><\/p>\n<p><\/p>\n<p><\/p>\n<p class=\"has-text-align-center has-medium-font-size\"><em>Avec une <strong>sp\u00e9cialisation<\/strong> <\/em>au sujet de<\/p>\n<p><\/p>\n<p><\/p>\n<p class=\"has-text-align-center has-medium-font-size\">-&gt; l&rsquo;\u00e9tat <span class=\"has-inline-color has-vivid-green-cyan-color\"><strong>P<\/strong>hysiologique<\/span> : <em>la grossesse, les troubles du cycle <\/em>et<em> SPM, l&rsquo;insomnie, les troubles<\/em> digestifs, et tout autre d\u00e9s\u00e9quilibre ;<\/p>\n<p><\/p>\n<p><\/p>\n<p class=\"has-text-align-center has-medium-font-size\">-&gt; l&rsquo;\u00e9tat <span class=\"has-inline-color\" style=\"color: #e70673;\"><strong>E<\/strong>motionnel<\/span> : <em>le manque de confiance, les peurs, l&rsquo;impatience<\/em>, <em>la tristesse<\/em> et la col\u00e8re;<\/p>\n<p><\/p>\n<p><\/p>\n<p class=\"has-text-align-center has-medium-font-size\">-&gt; l&rsquo;\u00e9tat <span class=\"has-inline-color has-vivid-purple-color\"><strong>M<\/strong>ental<\/span> : <em>l&rsquo;anxi\u00e9t\u00e9<\/em>, <em>le stress, le burn et bore out, la d\u00e9pression, les envies suicidaires.<\/em><\/p>\n<p><\/p>\n<p><\/p>\n<p><\/p>\n<p><\/p>\n<p><\/p>\n<p><\/p>\n<p class=\"has-text-align-center has-medium-font-size\"><strong>***<\/strong><\/p>\n<p><\/p>\n<p><\/p>\n<p><\/p>\n<p class=\"has-medium-font-size\">D\u00e9roulement d&rsquo;une <strong><em>consultation<\/em><\/strong> :<\/p>\n<p><\/p>\n<p><\/p>\n<p class=\"has-medium-font-size\">La premi\u00e8re consultation se d\u00e9roule sur <strong>1h00<\/strong>.<\/p>\n<p><\/p>\n<p><\/p>\n<ul class=\"has-medium-font-size\">\n<li>Une \u00e9coute active bienveillante ;<\/li>\n<li>Une observation des iris et du corps dans son ensemble ;<\/li>\n<li>Une \u00e9tude de l&rsquo;hygi\u00e8ne de vie ;<\/li>\n<li>Une transmission de cl\u00e9s adapt\u00e9es et utiles ;<\/li>\n<li>La mise en place d&rsquo;un plan d&rsquo;action avec le soutient temporaire et selon votre besoin personnel d&rsquo;une ou plusieurs ressources (d\u00e9crites ci-dessous).<\/li>\n<\/ul>\n<p><\/p>\n<p><\/p>\n<p class=\"has-medium-font-size\">Une consultation de suivi d&rsquo;1h est pr\u00e9conis\u00e9e, afin d&rsquo;appr\u00e9hender et ajuster si besoin l&rsquo;hygi\u00e8ne de vie et les outils mis en place.<\/p>\n<p><\/p>\n<p><\/p>\n<p class=\"has-medium-font-size\" style=\"text-align: justify;\">L&rsquo;<strong>accompagnement personnalis\u00e9<\/strong> s&rsquo;apparente \u00e0 un coaching joyeux et vitalisant, d\u00e9fini, cadr\u00e9 et valid\u00e9 ensembles, qui vous permet de b\u00e9n\u00e9ficier d&rsquo;une pr\u00e9sence et d&rsquo;un suivi professionnel et cr\u00e9atif sur la dur\u00e9e, pour vous aider dans votre <span style=\"color: #09bd90;\"><strong>d\u00e9marche de retour \u00e0 Soi et d&rsquo;harmonisation int\u00e9rieure et ext\u00e9rieure.<\/strong><\/span><\/p>\n<p><\/p>\n<p><\/p>\n<p><\/p>\n<p><\/p>\n<p class=\"has-medium-font-size\">L&rsquo;<strong><em>accompagnement personnalis\u00e9<\/em><\/strong> est propre \u00e0 chaque individu.<\/p>\n<p><\/p>\n<p><\/p>\n<p><\/p>\n<p><\/p>\n<p class=\"has-medium-font-size\" style=\"text-align: justify;\">La <strong>formation<\/strong> se compose d&rsquo;informations, de m\u00e9thodes, de moyens utiles \u00e0 votre sant\u00e9. Elle permet d&rsquo;acqu\u00e9rir un savoir, savoir \u00eatre et un savoir faire fondamentaux, de mani\u00e8re ludique et de les appliquer au quotidien.<\/p>\n<p><\/p>\n<p><\/p>\n<p class=\"has-text-align-center\">&#8211;<\/p>\n<p><\/p>\n<p><\/p>\n<figure class=\"wp-block-image aligncenter size-large is-resized is-style-rounded\"><img decoding=\"async\" class=\"wp-image-390 aligncenter\" src=\"https:\/\/naturailes-sante.com\/wp-content\/uploads\/2021\/11\/Capture-decran-2021-11-19-a-16.24.03-1024x575.png\" alt=\"\" width=\"555\" srcset=\"https:\/\/naturailes-sante.com\/wp-content\/uploads\/2021\/11\/Capture-decran-2021-11-19-a-16.24.03-1024x575.png 1024w, https:\/\/naturailes-sante.com\/wp-content\/uploads\/2021\/11\/Capture-decran-2021-11-19-a-16.24.03-600x337.png 600w, https:\/\/naturailes-sante.com\/wp-content\/uploads\/2021\/11\/Capture-decran-2021-11-19-a-16.24.03-300x169.png 300w, https:\/\/naturailes-sante.com\/wp-content\/uploads\/2021\/11\/Capture-decran-2021-11-19-a-16.24.03-768x431.png 768w, https:\/\/naturailes-sante.com\/wp-content\/uploads\/2021\/11\/Capture-decran-2021-11-19-a-16.24.03.png 1086w\" sizes=\"(max-width: 1024px) 100vw, 1024px\" \/><\/figure>\n<p><\/p>\n<p><\/p>\n<h5 class=\"has-text-align-center wp-block-heading\"><em>La nature \u00e0 coeur.<\/em><\/h5>\n<p><\/p>\n<p><\/p>\n<p>Si le besoin est pr\u00e9sent, tout conseils de compl\u00e9ments alimentaires ou de ressources naturelles visant l&rsquo;am\u00e9lioration de l&rsquo;\u00e9tat de la personne sera propos\u00e9.<\/p>\n<p><\/p>\n<p><\/p>\n<p class=\"has-text-align-center\"><span class=\"tadv-color\" style=\"color: #ffffff;\">&#8211;<\/span><\/p>\n<p><\/p>\n<p><\/p>\n<figure class=\"wp-block-image aligncenter size-large is-resized is-style-rounded\"><img decoding=\"async\" class=\"wp-image-402\" src=\"https:\/\/naturailes-sante.com\/wp-content\/uploads\/2021\/11\/ornament-2019452_1280-1-1024x148.png\" alt=\"\" width=\"555\" srcset=\"https:\/\/naturailes-sante.com\/wp-content\/uploads\/2021\/11\/ornament-2019452_1280-1-1024x148.png 1024w, https:\/\/naturailes-sante.com\/wp-content\/uploads\/2021\/11\/ornament-2019452_1280-1-600x87.png 600w, https:\/\/naturailes-sante.com\/wp-content\/uploads\/2021\/11\/ornament-2019452_1280-1-300x43.png 300w, https:\/\/naturailes-sante.com\/wp-content\/uploads\/2021\/11\/ornament-2019452_1280-1-768x111.png 768w, https:\/\/naturailes-sante.com\/wp-content\/uploads\/2021\/11\/ornament-2019452_1280-1.png 1276w\" sizes=\"(max-width: 1024px) 100vw, 1024px\" \/><\/figure>\n<p><\/p>\n<p><\/p>\n<p class=\"has-text-align-center has-pale-pink-background-color has-background has-medium-font-size\"><strong>Micro-nutrition<\/strong><\/p>\n<p><\/p>\n<p><\/p>\n<p>Conseils adapt\u00e9s en alimentation saine et bien-\u00eatre.<\/p>\n<p><\/p>\n<p><\/p>\n<p>Explications et conseils sur les \u00e9l\u00e9ments essentiels qui composent notre corps et notre alimentation.<\/p>\n<p><\/p>\n<p><\/p>\n<p class=\"has-text-align-center has-vivid-green-cyan-background-color has-background has-medium-font-size\"><strong>Phytoth\u00e9rapie<\/strong><\/p>\n<p><\/p>\n<p><\/p>\n<p>Conseilsadapt\u00e9s sur les plantes (racines, tiges, sommit\u00e9s fleuries).<\/p>\n<p><\/p>\n<p><\/p>\n<p>Infusion, d\u00e9coction, mac\u00e9ration, \u00e9lixirs.<\/p>\n<p><\/p>\n<p><\/p>\n<p class=\"has-text-align-center has-light-green-cyan-background-color has-background has-medium-font-size\"><strong>Aromath\u00e9rapie<\/strong><\/p>\n<p><\/p>\n<p><\/p>\n<p>Conseilsadapt\u00e9s en huiles essentielles.<\/p>\n<p><\/p>\n<p><\/p>\n<p>Pures et\/ou dilu\u00e9es, par voie internet et\/ou externe.<\/p>\n<p><\/p>\n<p><\/p>\n<p class=\"has-text-align-center has-background has-medium-font-size\" style=\"background-color: #a8c96a;\"><strong>Gemmoth\u00e9rapie<\/strong><\/p>\n<p><\/p>\n<p><\/p>\n<p>Conseilsadapt\u00e9s en bourgeons de plantes.<\/p>\n<p><\/p>\n<p><\/p>\n<p>Il s&rsquo;agit d&rsquo;une mac\u00e9ration de bourgeons de plantes qui contient tout le potentiel de celui-ci.<\/p>\n<p><\/p>\n<p><\/p>\n<p>Unitaire ou en complexe avec d&rsquo;autres bourgeons.<\/p>\n<p><\/p>\n<p><\/p>\n<p class=\"has-text-align-center has-pale-cyan-blue-background-color has-background has-medium-font-size\"><strong>Fleurs de Bach<\/strong><\/p>\n<p><\/p>\n<p><\/p>\n<p>Conseilsadapt\u00e9s en \u00e9lixirs floraux.<\/p>\n<p><\/p>\n<p><\/p>\n<p>D&rsquo;apr\u00e8s les travaux de recherche du Dr. Bac<\/p>\n<p><\/p>\n<p><\/p>\n<p><\/p>\t\t\t\t\t\t\t\t<\/div>\n\t\t\t\t<\/div>\n\t\t\t\t\t<\/div>\n\t\t<\/div>\n\t\t\t\t\t<\/div>\n\t\t<\/section>\t\t<\/div>\n\t\t","protected":false},"excerpt":{"rendered":"<p>Je vous propose de vous reconnecter \u00e0 votre \u00eatre, \u00e0 l\u2019essentiel, \u00e0 vous rapprocher de votre \u00e9quilibre en identifiant la ou les causes au-del\u00e0 de l\u2019\u00e9vidence, pour vous retrouver enti\u00e8rement, en pleine sant\u00e9 et en harmonie. Un esprit sain&nbsp;dans un corps sain. En pr\u00e9vention, comme en traitement de fond. Par des pratiques personnalis\u00e9es en naturopathie [&hellip;]<\/p>\n","protected":false},"author":1,"featured_media":0,"parent":0,"menu_order":0,"comment_status":"closed","ping_status":"closed","template":"","meta":{"_monsterinsights_skip_tracking":false,"_monsterinsights_sitenote_active":false,"_monsterinsights_sitenote_note":"","_monsterinsights_sitenote_category":0,"site-sidebar-layout":"default","site-content-layout":"","ast-site-content-layout":"","site-content-style":"default","site-sidebar-style":"default","ast-global-header-display":"","ast-banner-title-visibility":"","ast-main-header-display":"","ast-hfb-above-header-display":"","ast-hfb-below-header-display":"","ast-hfb-mobile-header-display":"","site-post-title":"","ast-breadcrumbs-content":"","ast-featured-img":"","footer-sml-layout":"","theme-transparent-header-meta":"","adv-header-id-meta":"","stick-header-meta":"","header-above-stick-meta":"","header-main-stick-meta":"","header-below-stick-meta":"","astra-migrate-meta-layouts":"default","ast-page-background-enabled":"default","ast-page-background-meta":{"desktop":{"background-color":"var(--ast-global-color-4)","background-image":"","background-repeat":"repeat","background-position":"center center","background-size":"auto","background-attachment":"scroll","background-type":"","background-media":"","overlay-type":"","overlay-color":"","overlay-opacity":"","overlay-gradient":""},"tablet":{"background-color":"","background-image":"","background-repeat":"repeat","background-position":"center center","background-size":"auto","background-attachment":"scroll","background-type":"","background-media":"","overlay-type":"","overlay-color":"","overlay-opacity":"","overlay-gradient":""},"mobile":{"background-color":"","background-image":"","background-repeat":"repeat","background-position":"center center","background-size":"auto","background-attachment":"scroll","background-type":"","background-media":"","overlay-type":"","overlay-color":"","overlay-opacity":"","overlay-gradient":""}},"ast-content-background-meta":{"desktop":{"background-color":"var(--ast-global-color-5)","background-image":"","background-repeat":"repeat","background-position":"center center","background-size":"auto","background-attachment":"scroll","background-type":"","background-media":"","overlay-type":"","overlay-color":"","overlay-opacity":"","overlay-gradient":""},"tablet":{"background-color":"var(--ast-global-color-5)","background-image":"","background-repeat":"repeat","background-position":"center center","background-size":"auto","background-attachment":"scroll","background-type":"","background-media":"","overlay-type":"","overlay-color":"","overlay-opacity":"","overlay-gradient":""},"mobile":{"background-color":"var(--ast-global-color-5)","background-image":"","background-repeat":"repeat","background-position":"center center","background-size":"auto","background-attachment":"scroll","background-type":"","background-media":"","overlay-type":"","overlay-color":"","overlay-opacity":"","overlay-gradient":""}},"footnotes":""},"class_list":["post-32","page","type-page","status-publish","hentry"],"_links":{"self":[{"href":"https:\/\/naturailes-sante.com\/index.php\/wp-json\/wp\/v2\/pages\/32","targetHints":{"allow":["GET"]}}],"collection":[{"href":"https:\/\/naturailes-sante.com\/index.php\/wp-json\/wp\/v2\/pages"}],"about":[{"href":"https:\/\/naturailes-sante.com\/index.php\/wp-json\/wp\/v2\/types\/page"}],"author":[{"embeddable":true,"href":"https:\/\/naturailes-sante.com\/index.php\/wp-json\/wp\/v2\/users\/1"}],"replies":[{"embeddable":true,"href":"https:\/\/naturailes-sante.com\/index.php\/wp-json\/wp\/v2\/comments?post=32"}],"version-history":[{"count":71,"href":"https:\/\/naturailes-sante.com\/index.php\/wp-json\/wp\/v2\/pages\/32\/revisions"}],"predecessor-version":[{"id":832,"href":"https:\/\/naturailes-sante.com\/index.php\/wp-json\/wp\/v2\/pages\/32\/revisions\/832"}],"wp:attachment":[{"href":"https:\/\/naturailes-sante.com\/index.php\/wp-json\/wp\/v2\/media?parent=32"}],"curies":[{"name":"wp","href":"https:\/\/api.w.org\/{rel}","templated":true}]}}